{"id":2,"date":"2016-05-10T03:48:21","date_gmt":"2016-05-10T03:48:21","guid":{"rendered":"http:\/\/wp452m.a10-52-158-154.qa.plesk.ru\/wordpress\/?page_id=2"},"modified":"2021-11-11T13:12:12","modified_gmt":"2021-11-11T13:12:12","slug":"sample-page","status":"publish","type":"page","link":"https:\/\/feuerwehr-sindelsdorf.de\/","title":{"rendered":""},"content":{"rendered":"\n<p>&nbsp;<\/p>\n<p>&nbsp;<\/p>\n<h3>Ein herzliches Gr\u00fc\u00df Gott bei der <br>Freiwilligen Feuerwehr Sindelsdorf<br><\/h3>\n\n<p><strong>Die Feuerwehr wurde im Jahr 1895 gegr\u00fcndet und h\u00e4tte 2020 ihr 125-j\u00e4hriges Bestehen mit einem gro\u00dfen Fest feiern wollen, dies war leider aufgrund der Corona-Situation nicht m\u00f6glich, einen Nachholtermin wird es hier f\u00fcr nicht geben. <\/strong><\/p>\n<!--\n<p>&nbsp;<\/p>\n<p>&nbsp;<\/p>\n\n<h3><font color=\"red\">Achtung: <br>Aufgrund der Corona-Lage im Landkreis Weilheim-Schongau, Ampel steht auf rot, wird der \u00dcbungs- und Ausbildungsbetrieb bis auf weiteres ausgesetzt!<\/font><br><\/h3>\n<p>&nbsp;<\/p>\n<p>&nbsp;<\/p>\n<h3>INFO: <br>Die Corona-Informationen haben einen eigenen Men\u00fc-Punkt erhalten und werden dort weiter gepflegt. <br><\/h3>\n\n<p><strong>Die Feuerwehr hat im Moment 65 Mitglieder, davon 3 Feuerwehranw\u00e4rter.<\/strong><\/p>\n-->\n\n<p>&nbsp;<\/p>\n<p>&nbsp;<\/p>\n<p>&nbsp;<\/p>\n<p>&nbsp;<\/p>\n<p>&nbsp;<\/p>\n<p>&nbsp;<\/p>\n\n<p><a href=\"https:\/\/www.helfenisttrumpf.de\"><img loading=\"lazy\" class=\"alignleft wp-image-384 size-full\" src=\"http:\/\/feuerwehr-sindelsdorf.de\/wp-content\/uploads\/2021\/11\/webbanner_sep2021.png\" alt=\"\" width=\"728\" height=\"90\"><\/a><\/p>\n\n\n<!--\n<p><a href=\"https:\/\/www.co-macht-ko.de\"><img loading=\"lazy\" class=\"alignleft wp-image-384 size-full\" src=\"http:\/\/feuerwehr-sindelsdorf.de\/wp-content\/uploads\/2019\/02\/leaderboard_728x90.png\" alt=\"\" width=\"728\" height=\"90\" srcset=\"https:\/\/feuerwehr-sindelsdorf.de\/wp-content\/uploads\/2019\/02\/leaderboard_728x90.png 728w, https:\/\/feuerwehr-sindelsdorf.de\/wp-content\/uploads\/2019\/02\/leaderboard_728x90-300x37.png 300w\" sizes=\"(max-width: 728px) 100vw, 728px\" \/><\/a><\/p>\n-->\n\n\n\n<p><\/p>\n","protected":false},"excerpt":{"rendered":"<div class=\"mh-excerpt\"><p>&nbsp; &nbsp; Ein herzliches Gr\u00fc\u00df Gott bei der Freiwilligen Feuerwehr Sindelsdorf Die Feuerwehr wurde im Jahr 1895 gegr\u00fcndet und h\u00e4tte 2020 ihr 125-j\u00e4hriges Bestehen mit <a class=\"mh-excerpt-more\" href=\"https:\/\/feuerwehr-sindelsdorf.de\/\" title=\"\">[&#8230;]<\/a><\/p>\n<\/div>","protected":false},"author":1,"featured_media":0,"parent":0,"menu_order":0,"comment_status":"closed","ping_status":"open","template":"","meta":[],"_links":{"self":[{"href":"https:\/\/feuerwehr-sindelsdorf.de\/index.php?rest_route=\/wp\/v2\/pages\/2"}],"collection":[{"href":"https:\/\/feuerwehr-sindelsdorf.de\/index.php?rest_route=\/wp\/v2\/pages"}],"about":[{"href":"https:\/\/feuerwehr-sindelsdorf.de\/index.php?rest_route=\/wp\/v2\/types\/page"}],"author":[{"embeddable":true,"href":"https:\/\/feuerwehr-sindelsdorf.de\/index.php?rest_route=\/wp\/v2\/users\/1"}],"replies":[{"embeddable":true,"href":"https:\/\/feuerwehr-sindelsdorf.de\/index.php?rest_route=%2Fwp%2Fv2%2Fcomments&post=2"}],"version-history":[{"count":97,"href":"https:\/\/feuerwehr-sindelsdorf.de\/index.php?rest_route=\/wp\/v2\/pages\/2\/revisions"}],"predecessor-version":[{"id":606,"href":"https:\/\/feuerwehr-sindelsdorf.de\/index.php?rest_route=\/wp\/v2\/pages\/2\/revisions\/606"}],"wp:attachment":[{"href":"https:\/\/feuerwehr-sindelsdorf.de\/index.php?rest_route=%2Fwp%2Fv2%2Fmedia&parent=2"}],"curies":[{"name":"wp","href":"https:\/\/api.w.org\/{rel}","templated":true}]}}