{"id":39,"date":"2016-11-24T21:12:39","date_gmt":"2016-11-24T21:12:39","guid":{"rendered":"http:\/\/feuerwehr-sindelsdorf.de\/?page_id=39"},"modified":"2017-11-08T18:45:53","modified_gmt":"2017-11-08T18:45:53","slug":"geraetehaus","status":"publish","type":"page","link":"https:\/\/feuerwehr-sindelsdorf.de\/?page_id=39","title":{"rendered":"Ger\u00e4tehaus"},"content":{"rendered":"<p><img loading=\"lazy\" class=\"alignnone wp-image-40\" src=\"http:\/\/feuerwehr-sindelsdorf.de\/wp-content\/uploads\/2016\/11\/26242-large-300x200.jpg\" alt=\"26242-large\" width=\"509\" height=\"339\" srcset=\"https:\/\/feuerwehr-sindelsdorf.de\/wp-content\/uploads\/2016\/11\/26242-large-300x200.jpg 300w, https:\/\/feuerwehr-sindelsdorf.de\/wp-content\/uploads\/2016\/11\/26242-large.jpg 600w\" sizes=\"(max-width: 509px) 100vw, 509px\" \/><\/p>\n<p>Unser Ger\u00e4tehaus hat zwei Stellpl\u00e4tze f\u00fcr unsere Autos. Dar\u00fcber hinaus eine Werkstatt, Umkleide, Schulungsraum\/St\u00fcberl, B\u00fcro Kommandant und eine Atemschutzwerkstatt.<\/p>\n","protected":false},"excerpt":{"rendered":"<div class=\"mh-excerpt\"><p>Unser Ger\u00e4tehaus hat zwei Stellpl\u00e4tze f\u00fcr unsere Autos. Dar\u00fcber hinaus eine Werkstatt, Umkleide, Schulungsraum\/St\u00fcberl, B\u00fcro Kommandant und eine Atemschutzwerkstatt.<\/p>\n<\/div>","protected":false},"author":1,"featured_media":0,"parent":37,"menu_order":0,"comment_status":"closed","ping_status":"closed","template":"template-full.php","meta":[],"_links":{"self":[{"href":"https:\/\/feuerwehr-sindelsdorf.de\/index.php?rest_route=\/wp\/v2\/pages\/39"}],"collection":[{"href":"https:\/\/feuerwehr-sindelsdorf.de\/index.php?rest_route=\/wp\/v2\/pages"}],"about":[{"href":"https:\/\/feuerwehr-sindelsdorf.de\/index.php?rest_route=\/wp\/v2\/types\/page"}],"author":[{"embeddable":true,"href":"https:\/\/feuerwehr-sindelsdorf.de\/index.php?rest_route=\/wp\/v2\/users\/1"}],"replies":[{"embeddable":true,"href":"https:\/\/feuerwehr-sindelsdorf.de\/index.php?rest_route=%2Fwp%2Fv2%2Fcomments&post=39"}],"version-history":[{"count":1,"href":"https:\/\/feuerwehr-sindelsdorf.de\/index.php?rest_route=\/wp\/v2\/pages\/39\/revisions"}],"predecessor-version":[{"id":41,"href":"https:\/\/feuerwehr-sindelsdorf.de\/index.php?rest_route=\/wp\/v2\/pages\/39\/revisions\/41"}],"up":[{"embeddable":true,"href":"https:\/\/feuerwehr-sindelsdorf.de\/index.php?rest_route=\/wp\/v2\/pages\/37"}],"wp:attachment":[{"href":"https:\/\/feuerwehr-sindelsdorf.de\/index.php?rest_route=%2Fwp%2Fv2%2Fmedia&parent=39"}],"curies":[{"name":"wp","href":"https:\/\/api.w.org\/{rel}","templated":true}]}}